{"id":828,"date":"2021-03-22T21:09:09","date_gmt":"2021-03-22T20:09:09","guid":{"rendered":"https:\/\/www.isabelpanadero.es\/?post_type=product&#038;p=828"},"modified":"2026-04-17T05:09:37","modified_gmt":"2026-04-17T03:09:37","slug":"guante-roeckl","status":"publish","type":"product","link":"https:\/\/www.isabelpanadero.es\/index.php\/producto\/guante-roeckl\/","title":{"rendered":"guante ROECKL"},"content":{"rendered":"<p>Guante con Grip Roeckl 3301-208 Roeckl-Grip. Los guantes de montar o vestir\u00a0unisex Roeckl-Grip de Piel Sint\u00e9tica modelo 3301-208\u00a0est\u00e1n realizados con cuero sint\u00e9tico ROECK GRIP, que les proporcionan un excelente agarre y un ajuste perfecto.<\/p>\n<p>Este guante Roeckl es antideslizante, c\u00f3modo, flexible,ligero, resistente y duradero. Sientan y actuan como una segunda piel.<\/p>\n<p>Todos los guantes ROECKL\u00a0se pueden lavar a m\u00e1quina con una temperatura m\u00e1xima de 30\u00ba\u00a0salvo los guantes de cuero aut\u00e9ntico. Guante unisex realizado con cuero sint\u00e9tico ROECK GRIP, que le proporcionan un excelente agarre y un ajuste perfecto, c\u00f3modo y suave pero resistente y duradero.<\/p>\n<p>Con refuerzos en las zonas de roce de las riendas.<\/p>\n","protected":false},"excerpt":{"rendered":"<p>Los guantes de montar o vestir\u00a0unisex.<\/p>\n","protected":false},"featured_media":843,"comment_status":"open","ping_status":"closed","template":"","meta":{"_coblocks_attr":"","_coblocks_dimensions":"","_coblocks_responsive_height":"","_coblocks_accordion_ie_support":"","_joinchat":[]},"product_brand":[],"product_cat":[16,18,25,17],"product_tag":[41,195,194],"class_list":{"0":"post-828","1":"product","2":"type-product","3":"status-publish","4":"has-post-thumbnail","6":"product_cat-accesorios","7":"product_cat-hombre","8":"product_cat-para-el-jinete","9":"product_cat-mujer","10":"product_tag-calidad","11":"product_tag-equitacion","12":"product_tag-guantes","13":"pa_talla-193","14":"pa_talla-191","15":"pa_talla-192","17":"first","18":"instock","19":"shipping-taxable","20":"purchasable","21":"product-type-variable"},"_links":{"self":[{"href":"https:\/\/www.isabelpanadero.es\/index.php\/wp-json\/wp\/v2\/product\/828","targetHints":{"allow":["GET"]}}],"collection":[{"href":"https:\/\/www.isabelpanadero.es\/index.php\/wp-json\/wp\/v2\/product"}],"about":[{"href":"https:\/\/www.isabelpanadero.es\/index.php\/wp-json\/wp\/v2\/types\/product"}],"replies":[{"embeddable":true,"href":"https:\/\/www.isabelpanadero.es\/index.php\/wp-json\/wp\/v2\/comments?post=828"}],"wp:featuredmedia":[{"embeddable":true,"href":"https:\/\/www.isabelpanadero.es\/index.php\/wp-json\/wp\/v2\/media\/843"}],"wp:attachment":[{"href":"https:\/\/www.isabelpanadero.es\/index.php\/wp-json\/wp\/v2\/media?parent=828"}],"wp:term":[{"taxonomy":"product_brand","embeddable":true,"href":"https:\/\/www.isabelpanadero.es\/index.php\/wp-json\/wp\/v2\/product_brand?post=828"},{"taxonomy":"product_cat","embeddable":true,"href":"https:\/\/www.isabelpanadero.es\/index.php\/wp-json\/wp\/v2\/product_cat?post=828"},{"taxonomy":"product_tag","embeddable":true,"href":"https:\/\/www.isabelpanadero.es\/index.php\/wp-json\/wp\/v2\/product_tag?post=828"}],"curies":[{"name":"wp","href":"https:\/\/api.w.org\/{rel}","templated":true}]}}