{"id":1712,"date":"2026-03-04T18:00:04","date_gmt":"2026-03-04T17:00:04","guid":{"rendered":"https:\/\/www.isabelpanadero.es\/?post_type=product&#038;p=1712"},"modified":"2026-03-05T11:28:06","modified_gmt":"2026-03-05T10:28:06","slug":"nautico-cana","status":"publish","type":"product","link":"https:\/\/www.isabelpanadero.es\/index.php\/producto\/nautico-cana\/","title":{"rendered":"N\u00e1utico Ca\u00f1a. LA GARROCHA."},"content":{"rendered":"<p>Zapato n\u00e1utico cl\u00e1sico en cuero de primera calidad. Estilo A temporal y Resistencia.<\/p>\n","protected":false},"excerpt":{"rendered":"<p>Zapato n\u00e1utico cl\u00e1sico en cuero de primera calidad. Estilo A temporal y Resistencia.<\/p>\n","protected":false},"featured_media":1721,"comment_status":"open","ping_status":"closed","template":"","meta":{"_coblocks_attr":"","_coblocks_dimensions":"","_coblocks_responsive_height":"","_coblocks_accordion_ie_support":"","_joinchat":[]},"product_brand":[],"product_cat":[18],"product_tag":[19,20,140,136,23,333],"class_list":{"0":"post-1712","1":"product","2":"type-product","3":"status-publish","4":"has-post-thumbnail","6":"product_cat-hombre","7":"product_tag-caballero","8":"product_tag-calzado","9":"product_tag-hombre","10":"product_tag-la-garrocha","11":"product_tag-marron","12":"product_tag-nautico","13":"pa_talla-120","14":"pa_talla-121","15":"pa_talla-122","16":"pa_talla-123","17":"pa_talla-124","18":"pa_talla-125","19":"pa_talla-315","20":"pa_talla-152","22":"first","23":"instock","24":"shipping-taxable","25":"purchasable","26":"product-type-variable"},"_links":{"self":[{"href":"https:\/\/www.isabelpanadero.es\/index.php\/wp-json\/wp\/v2\/product\/1712","targetHints":{"allow":["GET"]}}],"collection":[{"href":"https:\/\/www.isabelpanadero.es\/index.php\/wp-json\/wp\/v2\/product"}],"about":[{"href":"https:\/\/www.isabelpanadero.es\/index.php\/wp-json\/wp\/v2\/types\/product"}],"replies":[{"embeddable":true,"href":"https:\/\/www.isabelpanadero.es\/index.php\/wp-json\/wp\/v2\/comments?post=1712"}],"wp:featuredmedia":[{"embeddable":true,"href":"https:\/\/www.isabelpanadero.es\/index.php\/wp-json\/wp\/v2\/media\/1721"}],"wp:attachment":[{"href":"https:\/\/www.isabelpanadero.es\/index.php\/wp-json\/wp\/v2\/media?parent=1712"}],"wp:term":[{"taxonomy":"product_brand","embeddable":true,"href":"https:\/\/www.isabelpanadero.es\/index.php\/wp-json\/wp\/v2\/product_brand?post=1712"},{"taxonomy":"product_cat","embeddable":true,"href":"https:\/\/www.isabelpanadero.es\/index.php\/wp-json\/wp\/v2\/product_cat?post=1712"},{"taxonomy":"product_tag","embeddable":true,"href":"https:\/\/www.isabelpanadero.es\/index.php\/wp-json\/wp\/v2\/product_tag?post=1712"}],"curies":[{"name":"wp","href":"https:\/\/api.w.org\/{rel}","templated":true}]}}