{"id":1318,"date":"2021-08-26T12:21:33","date_gmt":"2021-08-26T10:21:33","guid":{"rendered":"https:\/\/www.isabelpanadero.es\/?post_type=product&#038;p=1318"},"modified":"2023-01-15T20:37:15","modified_gmt":"2023-01-15T19:37:15","slug":"zapato-cabriola-la-garrocha","status":"publish","type":"product","link":"https:\/\/www.isabelpanadero.es\/index.php\/producto\/zapato-cabriola-la-garrocha\/","title":{"rendered":"Zapato CABRIOLA LA GARROCHA"},"content":{"rendered":"<p>Zapato de caballero en piel , dise\u00f1o cl\u00e1sico ideal para cualquier ocasi\u00f3n.<\/p>\n<p>S\u00faper combinable . inmejorable calidad-precio.<\/p>\n","protected":false},"excerpt":{"rendered":"<p>Zapato de caballero en piel , dise\u00f1o cl\u00e1sico ideal para cualquier ocasi\u00f3n.<\/p>\n<p>S\u00faper combinable\u00a0<em><strong>.\u00a0<\/strong><\/em><\/p>\n","protected":false},"featured_media":1323,"comment_status":"open","ping_status":"closed","template":"","meta":{"_coblocks_attr":"","_coblocks_dimensions":"","_coblocks_responsive_height":"","_coblocks_accordion_ie_support":"","_joinchat":[]},"product_brand":[],"product_cat":[18],"product_tag":[19,182,140,23,32,272],"class_list":{"0":"post-1318","1":"product","2":"type-product","3":"status-publish","4":"has-post-thumbnail","6":"product_cat-hombre","7":"product_tag-caballero","8":"product_tag-clasico","9":"product_tag-hombre","10":"product_tag-marron","11":"product_tag-piel","12":"product_tag-zapato","13":"pa_talla-120","14":"pa_talla-121","16":"first","17":"instock","18":"shipping-taxable","19":"product-type-variable","20":"has-default-attributes"},"_links":{"self":[{"href":"https:\/\/www.isabelpanadero.es\/index.php\/wp-json\/wp\/v2\/product\/1318","targetHints":{"allow":["GET"]}}],"collection":[{"href":"https:\/\/www.isabelpanadero.es\/index.php\/wp-json\/wp\/v2\/product"}],"about":[{"href":"https:\/\/www.isabelpanadero.es\/index.php\/wp-json\/wp\/v2\/types\/product"}],"replies":[{"embeddable":true,"href":"https:\/\/www.isabelpanadero.es\/index.php\/wp-json\/wp\/v2\/comments?post=1318"}],"wp:featuredmedia":[{"embeddable":true,"href":"https:\/\/www.isabelpanadero.es\/index.php\/wp-json\/wp\/v2\/media\/1323"}],"wp:attachment":[{"href":"https:\/\/www.isabelpanadero.es\/index.php\/wp-json\/wp\/v2\/media?parent=1318"}],"wp:term":[{"taxonomy":"product_brand","embeddable":true,"href":"https:\/\/www.isabelpanadero.es\/index.php\/wp-json\/wp\/v2\/product_brand?post=1318"},{"taxonomy":"product_cat","embeddable":true,"href":"https:\/\/www.isabelpanadero.es\/index.php\/wp-json\/wp\/v2\/product_cat?post=1318"},{"taxonomy":"product_tag","embeddable":true,"href":"https:\/\/www.isabelpanadero.es\/index.php\/wp-json\/wp\/v2\/product_tag?post=1318"}],"curies":[{"name":"wp","href":"https:\/\/api.w.org\/{rel}","templated":true}]}}