{"id":1141,"date":"2021-07-14T18:23:29","date_gmt":"2021-07-14T16:23:29","guid":{"rendered":"https:\/\/www.isabelpanadero.es\/?post_type=product&#038;p=1141"},"modified":"2026-03-10T19:48:55","modified_gmt":"2026-03-10T18:48:55","slug":"polo-concurso-lexhis","status":"publish","type":"product","link":"https:\/\/www.isabelpanadero.es\/index.php\/producto\/polo-concurso-lexhis\/","title":{"rendered":"Camisa el\u00e1stica concurso LEXHIS"},"content":{"rendered":"<p>Camiseta de mujer para concurso, muy ligera y suave, realizada con poli\u00e9ster funcional el\u00e1stico y tratamiento COOL DRY que le proporcionan un alto grado de transpiraci\u00f3n, con una alta capacidad de evacuaci\u00f3n de la humedad y sudoraci\u00f3n. Es tambi\u00e9n anti-bacteriano y seca muy r\u00e1pidamente. Ayuda a la termorregulaci\u00f3n del cuerpo transmitiendo una agradable sensaci\u00f3n de frescor continuo.<\/p>\n","protected":false},"excerpt":{"rendered":"<p>Camiseta de mujer para concurso. Muy ligera y suave, realizada con poli\u00e9ster funcional el\u00e1stico y tratamiento COOL DRY que le proporcionan un alto grado de transpiraci\u00f3n, con una alta capacidad de evacuaci\u00f3n de la humedad y sudoraci\u00f3n. Es tambi\u00e9n anti-bacteriano y seca muy r\u00e1pidamente. Ayuda a la termorregulaci\u00f3n del cuerpo transmitiendo una agradable sensaci\u00f3n de frescor continuo.<\/p>\n","protected":false},"featured_media":1144,"comment_status":"open","ping_status":"closed","template":"","meta":{"_coblocks_attr":"","_coblocks_dimensions":"","_coblocks_responsive_height":"","_coblocks_accordion_ie_support":"","_joinchat":[]},"product_brand":[],"product_cat":[25,17],"product_tag":[],"class_list":{"0":"post-1141","1":"product","2":"type-product","3":"status-publish","4":"has-post-thumbnail","6":"product_cat-para-el-jinete","7":"product_cat-mujer","8":"pa_talla-329","9":"pa_talla-191","11":"first","12":"instock","13":"shipping-taxable","14":"purchasable","15":"product-type-variable"},"_links":{"self":[{"href":"https:\/\/www.isabelpanadero.es\/index.php\/wp-json\/wp\/v2\/product\/1141","targetHints":{"allow":["GET"]}}],"collection":[{"href":"https:\/\/www.isabelpanadero.es\/index.php\/wp-json\/wp\/v2\/product"}],"about":[{"href":"https:\/\/www.isabelpanadero.es\/index.php\/wp-json\/wp\/v2\/types\/product"}],"replies":[{"embeddable":true,"href":"https:\/\/www.isabelpanadero.es\/index.php\/wp-json\/wp\/v2\/comments?post=1141"}],"wp:featuredmedia":[{"embeddable":true,"href":"https:\/\/www.isabelpanadero.es\/index.php\/wp-json\/wp\/v2\/media\/1144"}],"wp:attachment":[{"href":"https:\/\/www.isabelpanadero.es\/index.php\/wp-json\/wp\/v2\/media?parent=1141"}],"wp:term":[{"taxonomy":"product_brand","embeddable":true,"href":"https:\/\/www.isabelpanadero.es\/index.php\/wp-json\/wp\/v2\/product_brand?post=1141"},{"taxonomy":"product_cat","embeddable":true,"href":"https:\/\/www.isabelpanadero.es\/index.php\/wp-json\/wp\/v2\/product_cat?post=1141"},{"taxonomy":"product_tag","embeddable":true,"href":"https:\/\/www.isabelpanadero.es\/index.php\/wp-json\/wp\/v2\/product_tag?post=1141"}],"curies":[{"name":"wp","href":"https:\/\/api.w.org\/{rel}","templated":true}]}}