{"id":1136,"date":"2021-07-14T18:17:17","date_gmt":"2021-07-14T16:17:17","guid":{"rendered":"https:\/\/www.isabelpanadero.es\/?post_type=product&#038;p=1136"},"modified":"2026-03-05T19:22:11","modified_gmt":"2026-03-05T18:22:11","slug":"polo-de-concurso-lexhis","status":"publish","type":"product","link":"https:\/\/www.isabelpanadero.es\/index.php\/producto\/polo-de-concurso-lexhis\/","title":{"rendered":"Polo de concurso LEXHIS"},"content":{"rendered":"<p>Polo de concurso Lexhis Biel de manga corta para hombre fabricado en tejido t\u00e9cnico muy transpirable ideal para concursos y competiciones h\u00edpicas en verano. Dise\u00f1o actual en color blanco con paneles de colores en contraste. Pasador para la corbata.<\/p>\n","protected":false},"excerpt":{"rendered":"<p>Polo de concurso Lexhis Biel de manga corta para hombre.<\/p>\n","protected":false},"featured_media":1138,"comment_status":"open","ping_status":"closed","template":"","meta":{"_coblocks_attr":"","_coblocks_dimensions":"","_coblocks_responsive_height":"","_coblocks_accordion_ie_support":""},"product_cat":[18,25],"product_tag":[19,97,140,248,249,37],"_links":{"self":[{"href":"https:\/\/www.isabelpanadero.es\/index.php\/wp-json\/wp\/v2\/product\/1136"}],"collection":[{"href":"https:\/\/www.isabelpanadero.es\/index.php\/wp-json\/wp\/v2\/product"}],"about":[{"href":"https:\/\/www.isabelpanadero.es\/index.php\/wp-json\/wp\/v2\/types\/product"}],"replies":[{"embeddable":true,"href":"https:\/\/www.isabelpanadero.es\/index.php\/wp-json\/wp\/v2\/comments?post=1136"}],"wp:featuredmedia":[{"embeddable":true,"href":"https:\/\/www.isabelpanadero.es\/index.php\/wp-json\/wp\/v2\/media\/1138"}],"wp:attachment":[{"href":"https:\/\/www.isabelpanadero.es\/index.php\/wp-json\/wp\/v2\/media?parent=1136"}],"wp:term":[{"taxonomy":"product_cat","embeddable":true,"href":"https:\/\/www.isabelpanadero.es\/index.php\/wp-json\/wp\/v2\/product_cat?post=1136"},{"taxonomy":"product_tag","embeddable":true,"href":"https:\/\/www.isabelpanadero.es\/index.php\/wp-json\/wp\/v2\/product_tag?post=1136"}],"curies":[{"name":"wp","href":"https:\/\/api.w.org\/{rel}","templated":true}]}}