{"id":110,"date":"2021-01-26T20:06:23","date_gmt":"2021-01-26T19:06:23","guid":{"rendered":"https:\/\/www.isabelpanadero.es\/?post_type=product&#038;p=110"},"modified":"2025-09-18T21:46:35","modified_gmt":"2025-09-18T19:46:35","slug":"camisa-oxford-serie-35505-blanca","status":"publish","type":"product","link":"https:\/\/www.isabelpanadero.es\/index.php\/producto\/camisa-oxford-serie-35505-blanca\/","title":{"rendered":"Camisa Oxford LA ESPA\u00d1OLA"},"content":{"rendered":"<p>Camisa de chico de algod\u00f3n oxford confeccionada con bolsillo, con un patr\u00f3n regular de formas m\u00e1s rectas, muy c\u00f3modo y funcional.<\/p>\n<p><strong>SE PRESENTA CON BOLSILLO<\/strong><\/p>\n<p>DISE\u00d1ADA Y FABRICADA EN ESPA\u00d1A<\/p>\n<p>COMPOSICI\u00d3N 70%ALGOD\u00d3N-30%POL<\/p>\n<p>PATR\u00d3N REGULAR DE FORMAS M\u00c1S RECTAS<\/p>\n<p>BORDADO DE LA MARCA EN EL BOLSILLO<\/p>\n<p>LAVAR Y PLANCHAR A BAJA TEMPERATURA<\/p>\n<p>NO USAR SECADORA<\/p>\n","protected":false},"excerpt":{"rendered":"<p>Camisa de chico de algod\u00f3n oxford confeccionada con bolsillo, con un patr\u00f3n regular de formas m\u00e1s rectas, muy c\u00f3modo y funcional.<\/p>\n","protected":false},"featured_media":108,"comment_status":"open","ping_status":"closed","template":"","meta":{"_coblocks_attr":"","_coblocks_dimensions":"","_coblocks_responsive_height":"","_coblocks_accordion_ie_support":""},"product_cat":[18],"product_tag":[58,19,40],"_links":{"self":[{"href":"https:\/\/www.isabelpanadero.es\/index.php\/wp-json\/wp\/v2\/product\/110"}],"collection":[{"href":"https:\/\/www.isabelpanadero.es\/index.php\/wp-json\/wp\/v2\/product"}],"about":[{"href":"https:\/\/www.isabelpanadero.es\/index.php\/wp-json\/wp\/v2\/types\/product"}],"replies":[{"embeddable":true,"href":"https:\/\/www.isabelpanadero.es\/index.php\/wp-json\/wp\/v2\/comments?post=110"}],"wp:featuredmedia":[{"embeddable":true,"href":"https:\/\/www.isabelpanadero.es\/index.php\/wp-json\/wp\/v2\/media\/108"}],"wp:attachment":[{"href":"https:\/\/www.isabelpanadero.es\/index.php\/wp-json\/wp\/v2\/media?parent=110"}],"wp:term":[{"taxonomy":"product_cat","embeddable":true,"href":"https:\/\/www.isabelpanadero.es\/index.php\/wp-json\/wp\/v2\/product_cat?post=110"},{"taxonomy":"product_tag","embeddable":true,"href":"https:\/\/www.isabelpanadero.es\/index.php\/wp-json\/wp\/v2\/product_tag?post=110"}],"curies":[{"name":"wp","href":"https:\/\/api.w.org\/{rel}","templated":true}]}}